{"id":6529,"date":"2023-07-06T12:20:16","date_gmt":"2023-07-06T12:20:16","guid":{"rendered":"https:\/\/www.aqueria.com\/?page_id=6529"},"modified":"2023-08-29T17:25:25","modified_gmt":"2023-08-29T15:25:25","slug":"sitemap","status":"publish","type":"page","link":"https:\/\/www.aqueria.com\/en\/sitemap\/","title":{"rendered":"Sitemap"},"content":{"rendered":"<div data-elementor-type=\"wp-page\" data-elementor-id=\"6529\" class=\"elementor elementor-6529\" data-elementor-post-type=\"page\">\n\t\t\t\t<div class=\"elementor-element elementor-element-61b3487 e-flex e-con-boxed e-con e-parent\" data-id=\"61b3487\" data-element_type=\"container\" data-e-type=\"container\">\n\t\t\t\t\t<div class=\"e-con-inner\">\n\t\t\t\t<div class=\"elementor-element elementor-element-d465af9 elementor-widget elementor-widget-heading\" data-id=\"d465af9\" data-element_type=\"widget\" data-e-type=\"widget\" data-widget_type=\"heading.default\">\n\t\t\t\t<div class=\"elementor-widget-container\">\n\t\t\t\t\t<h1 class=\"elementor-heading-title elementor-size-default\">Sitemap<\/h1>\t\t\t\t<\/div>\n\t\t\t\t<\/div>\n\t\t\t\t<div class=\"elementor-element elementor-element-72ebf9a elementor-widget elementor-widget-sitemap\" data-id=\"72ebf9a\" data-element_type=\"widget\" data-e-type=\"widget\" data-widget_type=\"sitemap.default\">\n\t\t\t\t<div class=\"elementor-widget-container\">\n\t\t\t\t\t<div class=\"elementor-sitemap-wrap\"><div class=\"elementor-sitemap-section\"><h3 class=\"elementor-sitemap-title elementor-sitemap-page-title\">Pages<\/h3><ul class=\"elementor-sitemap-list elementor-sitemap-page-list\"><li class=\"elementor-sitemap-item elementor-sitemap-item-page page_item page-item-35\"><a rel=\"nofollow\" href=\"https:\/\/www.aqueria.com\/en\/actualites\/\">News<\/a><\/li><li class=\"elementor-sitemap-item elementor-sitemap-item-page page_item page-item-37\"><a rel=\"nofollow\" href=\"https:\/\/www.aqueria.com\/en\/contact\/\">Contact<\/a><\/li><li class=\"elementor-sitemap-item elementor-sitemap-item-page page_item page-item-7360\"><a rel=\"nofollow\" href=\"https:\/\/www.aqueria.com\/en\/the-chateau\/\">The Ch\u00e2teau<\/a><\/li><li class=\"elementor-sitemap-item elementor-sitemap-item-page page_item page-item-29\"><a rel=\"nofollow\" href=\"https:\/\/www.aqueria.com\/en\/the-vineyards\/\">The Vineyards<\/a><\/li><li class=\"elementor-sitemap-item elementor-sitemap-item-page page_item page-item-2510\"><a rel=\"nofollow\" href=\"https:\/\/www.aqueria.com\/en\/the-wines\/\">The Wines<\/a><\/li><li class=\"elementor-sitemap-item elementor-sitemap-item-page page_item page-item-6523\"><a rel=\"nofollow\" href=\"https:\/\/www.aqueria.com\/en\/legal-notices\/\">Legal Notices<\/a><\/li><li class=\"elementor-sitemap-item elementor-sitemap-item-page page_item page-item-33\"><a rel=\"nofollow\" href=\"https:\/\/www.aqueria.com\/en\/wine-tourism\/\">Wine Tourism<\/a><\/li><li class=\"elementor-sitemap-item elementor-sitemap-item-page page_item page-item-19\"><a rel=\"nofollow\" href=\"https:\/\/www.aqueria.com\/en\">Page d&rsquo;Accueil<\/a><\/li><li class=\"elementor-sitemap-item elementor-sitemap-item-page page_item page-item-6529\"><a rel=\"nofollow\" href=\"https:\/\/www.aqueria.com\/en\/sitemap\/\">Sitemap<\/a><\/li><li class=\"elementor-sitemap-item elementor-sitemap-item-page page_item page-item-15\"><a rel=\"nofollow\" href=\"https:\/\/www.aqueria.com\/en\/privacy-policy\/\">Privacy policy<\/a><\/li><\/ul><\/div><div class=\"elementor-sitemap-section\"><h3 class=\"elementor-sitemap-title elementor-sitemap-vins-title\">Wines<\/h3><ul class=\"elementor-sitemap-list elementor-sitemap-vins-list\"><li class=\"elementor-sitemap-item elementor-sitemap-item-vins page_item page-item-846\"><a rel=\"nofollow\" href=\"https:\/\/www.aqueria.com\/en\/vins\/lirac-white\/\">Ch\u00e2teau d\u2019Aqueria Lirac White<\/a><\/li><li class=\"elementor-sitemap-item elementor-sitemap-item-vins page_item page-item-848\"><a rel=\"nofollow\" href=\"https:\/\/www.aqueria.com\/en\/vins\/heritage-acqueria-lirac-red\/\">L\u2019h\u00e9ritage d\u2019Aqueria Lirac<\/a><\/li><li class=\"elementor-sitemap-item elementor-sitemap-item-vins page_item page-item-844\"><a rel=\"nofollow\" href=\"https:\/\/www.aqueria.com\/en\/vins\/lirac-red\/\">Ch\u00e2teau d\u2019Aqueria Lirac Red<\/a><\/li><li class=\"elementor-sitemap-item elementor-sitemap-item-vins page_item page-item-842\"><a rel=\"nofollow\" href=\"https:\/\/www.aqueria.com\/en\/vins\/tavel\/\">Ch\u00e2teau d\u2019Aqueria Tavel<\/a><\/li><\/ul><\/div><\/div>\t\t\t\t<\/div>\n\t\t\t\t<\/div>\n\t\t\t\t\t<\/div>\n\t\t\t\t<\/div>\n\t\t\t\t<\/div>","protected":false},"excerpt":{"rendered":"<p>Sitemap<\/p>","protected":false},"author":3,"featured_media":6595,"parent":0,"menu_order":0,"comment_status":"closed","ping_status":"closed","template":"elementor_header_footer","meta":{"_acf_changed":false,"footnotes":""},"class_list":["post-6529","page","type-page","status-publish","has-post-thumbnail","hentry"],"acf":[],"yoast_head":"<!-- This site is optimized with the Yoast SEO plugin v27.4 - https:\/\/yoast.com\/product\/yoast-seo-wordpress\/ -->\n<title>Plan du site | Ch\u00e2teau d&#039;Aqueria<\/title>\n<meta name=\"robots\" content=\"index, follow, max-snippet:-1, max-image-preview:large, max-video-preview:-1\" \/>\n<link rel=\"canonical\" href=\"https:\/\/www.aqueria.com\/en\/sitemap\/\" \/>\n<meta property=\"og:locale\" content=\"en_GB\" \/>\n<meta property=\"og:type\" content=\"article\" \/>\n<meta property=\"og:title\" content=\"Plan du site | Ch\u00e2teau d&#039;Aqueria\" \/>\n<meta property=\"og:description\" content=\"Plan du site\" \/>\n<meta property=\"og:url\" content=\"https:\/\/www.aqueria.com\/en\/sitemap\/\" \/>\n<meta property=\"og:site_name\" content=\"Le Ch\u00e2teau d&#039;Aqueria, l&#039;excellence \u00e0 Tavel et Lirac depuis 1595\" \/>\n<meta property=\"article:modified_time\" content=\"2023-08-29T15:25:25+00:00\" \/>\n<meta property=\"og:image\" content=\"https:\/\/www.aqueria.com\/wp-content\/uploads\/Logo_blason_epure_noir.png\" \/>\n\t<meta property=\"og:image:width\" content=\"2500\" \/>\n\t<meta property=\"og:image:height\" content=\"2500\" \/>\n\t<meta property=\"og:image:type\" content=\"image\/png\" \/>\n<meta name=\"twitter:card\" content=\"summary_large_image\" \/>\n<meta name=\"twitter:label1\" content=\"Estimated reading time\" \/>\n\t<meta name=\"twitter:data1\" content=\"1 minute\" \/>\n<script type=\"application\/ld+json\" class=\"yoast-schema-graph\">{\"@context\":\"https:\\\/\\\/schema.org\",\"@graph\":[{\"@type\":\"WebPage\",\"@id\":\"https:\\\/\\\/www.aqueria.com\\\/plan-du-site\\\/\",\"url\":\"https:\\\/\\\/www.aqueria.com\\\/plan-du-site\\\/\",\"name\":\"Plan du site | Ch\u00e2teau d'Aqueria\",\"isPartOf\":{\"@id\":\"https:\\\/\\\/www.aqueria.com\\\/#website\"},\"primaryImageOfPage\":{\"@id\":\"https:\\\/\\\/www.aqueria.com\\\/plan-du-site\\\/#primaryimage\"},\"image\":{\"@id\":\"https:\\\/\\\/www.aqueria.com\\\/plan-du-site\\\/#primaryimage\"},\"thumbnailUrl\":\"https:\\\/\\\/www.aqueria.com\\\/wp-content\\\/uploads\\\/Logo_blason_epure_noir.png\",\"datePublished\":\"2023-07-06T12:20:16+00:00\",\"dateModified\":\"2023-08-29T15:25:25+00:00\",\"breadcrumb\":{\"@id\":\"https:\\\/\\\/www.aqueria.com\\\/plan-du-site\\\/#breadcrumb\"},\"inLanguage\":\"en-GB\",\"potentialAction\":[{\"@type\":\"ReadAction\",\"target\":[\"https:\\\/\\\/www.aqueria.com\\\/plan-du-site\\\/\"]}]},{\"@type\":\"ImageObject\",\"inLanguage\":\"en-GB\",\"@id\":\"https:\\\/\\\/www.aqueria.com\\\/plan-du-site\\\/#primaryimage\",\"url\":\"https:\\\/\\\/www.aqueria.com\\\/wp-content\\\/uploads\\\/Logo_blason_epure_noir.png\",\"contentUrl\":\"https:\\\/\\\/www.aqueria.com\\\/wp-content\\\/uploads\\\/Logo_blason_epure_noir.png\",\"width\":2500,\"height\":2500,\"caption\":\"Logo Ch\u00e2teau d'Aqueria\"},{\"@type\":\"BreadcrumbList\",\"@id\":\"https:\\\/\\\/www.aqueria.com\\\/plan-du-site\\\/#breadcrumb\",\"itemListElement\":[{\"@type\":\"ListItem\",\"position\":1,\"name\":\"Aqueria\",\"item\":\"https:\\\/\\\/www.aqueria.com\\\/\"},{\"@type\":\"ListItem\",\"position\":2,\"name\":\"Plan du site\"}]},{\"@type\":\"WebSite\",\"@id\":\"https:\\\/\\\/www.aqueria.com\\\/#website\",\"url\":\"https:\\\/\\\/www.aqueria.com\\\/\",\"name\":\"Le Ch\u00e2teau d'Aqueria, l'excellence \u00e0 Tavel et Lirac depuis 1595\",\"description\":\"Nich\u00e9 au c\u0153ur de la garrigue et adoss\u00e9 \u00e0 une colline o\u00f9 s\u2019\u00e9panouissent de multiples essences m\u00e9diterran\u00e9ennes, le Ch\u00e2teau d\u2019Aqueria \u00e9tend son vignoble sur les appellations Tavel et Lirac. Deux crus, pour trois couleurs que le domaine produit avec passion et fiert\u00e9.\",\"publisher\":{\"@id\":\"https:\\\/\\\/www.aqueria.com\\\/#organization\"},\"potentialAction\":[{\"@type\":\"SearchAction\",\"target\":{\"@type\":\"EntryPoint\",\"urlTemplate\":\"https:\\\/\\\/www.aqueria.com\\\/?s={search_term_string}\"},\"query-input\":{\"@type\":\"PropertyValueSpecification\",\"valueRequired\":true,\"valueName\":\"search_term_string\"}}],\"inLanguage\":\"en-GB\"},{\"@type\":\"Organization\",\"@id\":\"https:\\\/\\\/www.aqueria.com\\\/#organization\",\"name\":\"Ch\u00e2teau d'Aqueria | Vignoble aux 3 terroirs uniques offrant des vins d\u2019exception\",\"url\":\"https:\\\/\\\/www.aqueria.com\\\/\",\"logo\":{\"@type\":\"ImageObject\",\"inLanguage\":\"en-GB\",\"@id\":\"https:\\\/\\\/www.aqueria.com\\\/#\\\/schema\\\/logo\\\/image\\\/\",\"url\":\"https:\\\/\\\/www.aqueria.com\\\/wp-content\\\/uploads\\\/logo-chateau-daqueria.png\",\"contentUrl\":\"https:\\\/\\\/www.aqueria.com\\\/wp-content\\\/uploads\\\/logo-chateau-daqueria.png\",\"width\":1024,\"height\":638,\"caption\":\"Ch\u00e2teau d'Aqueria | Vignoble aux 3 terroirs uniques offrant des vins d\u2019exception\"},\"image\":{\"@id\":\"https:\\\/\\\/www.aqueria.com\\\/#\\\/schema\\\/logo\\\/image\\\/\"}}]}<\/script>\n<!-- \/ Yoast SEO plugin. -->","yoast_head_json":{"title":"Plan du site | Ch\u00e2teau d'Aqueria","robots":{"index":"index","follow":"follow","max-snippet":"max-snippet:-1","max-image-preview":"max-image-preview:large","max-video-preview":"max-video-preview:-1"},"canonical":"https:\/\/www.aqueria.com\/en\/sitemap\/","og_locale":"en_GB","og_type":"article","og_title":"Plan du site | Ch\u00e2teau d'Aqueria","og_description":"Plan du site","og_url":"https:\/\/www.aqueria.com\/en\/sitemap\/","og_site_name":"Le Ch\u00e2teau d&#039;Aqueria, l&#039;excellence \u00e0 Tavel et Lirac depuis 1595","article_modified_time":"2023-08-29T15:25:25+00:00","og_image":[{"width":2500,"height":2500,"url":"https:\/\/www.aqueria.com\/wp-content\/uploads\/Logo_blason_epure_noir.png","type":"image\/png"}],"twitter_card":"summary_large_image","twitter_misc":{"Estimated reading time":"1 minute"},"schema":{"@context":"https:\/\/schema.org","@graph":[{"@type":"WebPage","@id":"https:\/\/www.aqueria.com\/plan-du-site\/","url":"https:\/\/www.aqueria.com\/plan-du-site\/","name":"Plan du site | Ch\u00e2teau d'Aqueria","isPartOf":{"@id":"https:\/\/www.aqueria.com\/#website"},"primaryImageOfPage":{"@id":"https:\/\/www.aqueria.com\/plan-du-site\/#primaryimage"},"image":{"@id":"https:\/\/www.aqueria.com\/plan-du-site\/#primaryimage"},"thumbnailUrl":"https:\/\/www.aqueria.com\/wp-content\/uploads\/Logo_blason_epure_noir.png","datePublished":"2023-07-06T12:20:16+00:00","dateModified":"2023-08-29T15:25:25+00:00","breadcrumb":{"@id":"https:\/\/www.aqueria.com\/plan-du-site\/#breadcrumb"},"inLanguage":"en-GB","potentialAction":[{"@type":"ReadAction","target":["https:\/\/www.aqueria.com\/plan-du-site\/"]}]},{"@type":"ImageObject","inLanguage":"en-GB","@id":"https:\/\/www.aqueria.com\/plan-du-site\/#primaryimage","url":"https:\/\/www.aqueria.com\/wp-content\/uploads\/Logo_blason_epure_noir.png","contentUrl":"https:\/\/www.aqueria.com\/wp-content\/uploads\/Logo_blason_epure_noir.png","width":2500,"height":2500,"caption":"Logo Ch\u00e2teau d'Aqueria"},{"@type":"BreadcrumbList","@id":"https:\/\/www.aqueria.com\/plan-du-site\/#breadcrumb","itemListElement":[{"@type":"ListItem","position":1,"name":"Aqueria","item":"https:\/\/www.aqueria.com\/"},{"@type":"ListItem","position":2,"name":"Plan du site"}]},{"@type":"WebSite","@id":"https:\/\/www.aqueria.com\/#website","url":"https:\/\/www.aqueria.com\/","name":"Achieving excellence in Tavel and Lirac since 1595","description":"Nestled in the heart of the garrigue with the backdrop of an unmistakeably Mediterranean hillside, the vineyards of Ch\u00e2teau d\u2019Aqueria extend across the appellations of Tavel and Lirac. Two growths in three colours produced at the estate with passion and pride.","publisher":{"@id":"https:\/\/www.aqueria.com\/#organization"},"potentialAction":[{"@type":"SearchAction","target":{"@type":"EntryPoint","urlTemplate":"https:\/\/www.aqueria.com\/?s={search_term_string}"},"query-input":{"@type":"PropertyValueSpecification","valueRequired":true,"valueName":"search_term_string"}}],"inLanguage":"en-GB"},{"@type":"Organization","@id":"https:\/\/www.aqueria.com\/#organization","name":"Ch\u00e2teau d'Aqueria | Vignoble aux 3 terroirs uniques offrant des vins d\u2019exception","url":"https:\/\/www.aqueria.com\/","logo":{"@type":"ImageObject","inLanguage":"en-GB","@id":"https:\/\/www.aqueria.com\/#\/schema\/logo\/image\/","url":"https:\/\/www.aqueria.com\/wp-content\/uploads\/logo-chateau-daqueria.png","contentUrl":"https:\/\/www.aqueria.com\/wp-content\/uploads\/logo-chateau-daqueria.png","width":1024,"height":638,"caption":"Ch\u00e2teau d'Aqueria | Vignoble aux 3 terroirs uniques offrant des vins d\u2019exception"},"image":{"@id":"https:\/\/www.aqueria.com\/#\/schema\/logo\/image\/"}}]}},"_links":{"self":[{"href":"https:\/\/www.aqueria.com\/en\/wp-json\/wp\/v2\/pages\/6529","targetHints":{"allow":["GET"]}}],"collection":[{"href":"https:\/\/www.aqueria.com\/en\/wp-json\/wp\/v2\/pages"}],"about":[{"href":"https:\/\/www.aqueria.com\/en\/wp-json\/wp\/v2\/types\/page"}],"author":[{"embeddable":true,"href":"https:\/\/www.aqueria.com\/en\/wp-json\/wp\/v2\/users\/3"}],"replies":[{"embeddable":true,"href":"https:\/\/www.aqueria.com\/en\/wp-json\/wp\/v2\/comments?post=6529"}],"version-history":[{"count":8,"href":"https:\/\/www.aqueria.com\/en\/wp-json\/wp\/v2\/pages\/6529\/revisions"}],"predecessor-version":[{"id":7260,"href":"https:\/\/www.aqueria.com\/en\/wp-json\/wp\/v2\/pages\/6529\/revisions\/7260"}],"wp:featuredmedia":[{"embeddable":true,"href":"https:\/\/www.aqueria.com\/en\/wp-json\/wp\/v2\/media\/6595"}],"wp:attachment":[{"href":"https:\/\/www.aqueria.com\/en\/wp-json\/wp\/v2\/media?parent=6529"}],"curies":[{"name":"wp","href":"https:\/\/api.w.org\/{rel}","templated":true}]}}