{"id":6523,"date":"2023-07-06T12:17:05","date_gmt":"2023-07-06T12:17:05","guid":{"rendered":"https:\/\/www.aqueria.com\/?page_id=6523"},"modified":"2023-07-20T14:05:07","modified_gmt":"2023-07-20T12:05:07","slug":"legal-notices","status":"publish","type":"page","link":"https:\/\/www.aqueria.com\/en\/legal-notices\/","title":{"rendered":"Legal Notices"},"content":{"rendered":"<div data-elementor-type=\"wp-page\" data-elementor-id=\"6523\" class=\"elementor elementor-6523\" data-elementor-post-type=\"page\">\n\t\t\t\t<div class=\"elementor-element elementor-element-ba94dd8 e-flex e-con-boxed e-con e-parent\" data-id=\"ba94dd8\" data-element_type=\"container\" data-e-type=\"container\">\n\t\t\t\t\t<div class=\"e-con-inner\">\n\t\t\t\t<div class=\"elementor-element elementor-element-b516893 elementor-widget elementor-widget-heading\" data-id=\"b516893\" data-element_type=\"widget\" data-e-type=\"widget\" data-widget_type=\"heading.default\">\n\t\t\t\t<div class=\"elementor-widget-container\">\n\t\t\t\t\t<h1 class=\"elementor-heading-title elementor-size-default\">Legal Notices<\/h1>\t\t\t\t<\/div>\n\t\t\t\t<\/div>\n\t\t\t\t<div class=\"elementor-element elementor-element-bf45342 elementor-widget elementor-widget-text-editor\" data-id=\"bf45342\" data-element_type=\"widget\" data-e-type=\"widget\" data-widget_type=\"text-editor.default\">\n\t\t\t\t<div class=\"elementor-widget-container\">\n\t\t\t\t\t\t\t\t\t<p>The www.aqueria.com website is the property of Ch\u00e2teau d'Aqueria, whose registered office is located at:<\/p><p>Ch\u00e2teau d\u2019Aqueria<br \/>Route de Pujaut<br \/>30126 Tavel<br \/>France<br \/>contact@aqueria.com<br \/>Phone: +33 (0)4 66 50 04 56<\/p><h3>1. COPYRIGHT<\/h3><p>All rights reserved \u00a9 Copyright SCA CH\u00c2TEAU D'AQUERIA<br \/>This service is for personal use only. Any reproduction or representation, in whole or in part, for other purposes on any medium whatsoever is prohibited.<br \/>Failure to comply with this prohibition constitutes an infringement of copyright, for which the infringer may be held civilly and criminally liable.<\/p><h3>2. TRADEMARKS, TRADE NAMES AND INTELLECTUAL PROPERTY RIGHTS<\/h3><p>The name Ch\u00e2teau d'Aqueria and the Ch\u00e2teau d'Aqueria logo are registered trademarks.<\/p><p>No mention is made of any rights relating to other trademarks or trade names, whether registered or not, which may be attached to certain terms or signs used on this website. However, the absence of any such mention in no way implies that such trademarks, trade names, terms or signs are not protected.es.<\/p><p>Please note that any product, service or technology described in these documents may be the subject of other Intellectual Property rights in favor of SCA CH\u00c2TEAU D'AQUERIA or a third party. No right to use such Intellectual Property rights is granted here.<\/p><h3>3. NOTES<\/h3><p>Under Ordinance no. 59-107 of January 7, 1959 and Law no. 74-631 of July 5, 1974, the sale of alcohol to minors under the age of 16 is prohibited. Any person ordering wine from a seller therefore undertakes to be at least 16 years of age on the date of the order. Alcohol abuse is dangerous for your health. Please consume and enjoy in moderation.<\/p><h4>The Aqueria.com website is hosted by:<\/h4><p>OVH<br \/>140 Quai du SARTEL<br \/>59100 Roubaix France<\/p><h4>Photography:<\/h4><ul><li>Ch\u00e2teau d\u2019Aqueria<\/li><li>St\u00e9phane Chalaye Photographie<\/li><\/ul><h4><br \/>Concept \/ Design\u00a0<\/h4><p>Korigan<br \/>22, rue de S\u00e9t\u00e9r\u00e9e<br \/>ZA Route de Ponet<br \/>26150 Die<br \/><a href=\"mailto:contact@korigan.fr\">contact@korigan.fr<\/a><br \/><a href=\"https:\/\/www.korigan.fr\">www.korigan.fr<\/a><br \/>Phone: +33 (0)4 75 21 42 81 <\/p>\t\t\t\t\t\t\t\t<\/div>\n\t\t\t\t<\/div>\n\t\t\t\t\t<\/div>\n\t\t\t\t<\/div>\n\t\t\t\t<\/div>","protected":false},"excerpt":{"rendered":"<p>Mentions l\u00e9gales Le site www.aqueria.com est la propri\u00e9t\u00e9 du Ch\u00e2teau d\u2019Aqueria, dont le si\u00e8ge social est situ\u00e9 : Ch\u00e2teau d\u2019Aqueria Route de Pujaut 30126 Tavel France contact@aqueria.com T\u00e9l : +33 (0)4 66 50 04 56 1. DROITS D\u2019AUTEUR (COPYRIGHT) Tous droits r\u00e9serv\u00e9s \u00a9 Copyright SCA CH\u00c2TEAU D\u2019AQUERIA L\u2019utilisation de ce service est r\u00e9serv\u00e9e \u00e0 un [&hellip;]<\/p>\n","protected":false},"author":3,"featured_media":7137,"parent":0,"menu_order":0,"comment_status":"closed","ping_status":"closed","template":"elementor_header_footer","meta":{"_acf_changed":false,"footnotes":""},"class_list":["post-6523","page","type-page","status-publish","has-post-thumbnail","hentry"],"acf":[],"yoast_head":"<!-- This site is optimized with the Yoast SEO plugin v27.4 - https:\/\/yoast.com\/product\/yoast-seo-wordpress\/ -->\n<title>Mentions l\u00e9gales | Ch\u00e2teau d&#039;Aqueria<\/title>\n<meta name=\"robots\" content=\"index, follow, max-snippet:-1, max-image-preview:large, max-video-preview:-1\" \/>\n<link rel=\"canonical\" href=\"https:\/\/www.aqueria.com\/en\/legal-notices\/\" \/>\n<meta property=\"og:locale\" content=\"en_GB\" \/>\n<meta property=\"og:type\" content=\"article\" \/>\n<meta property=\"og:title\" content=\"Mentions l\u00e9gales | Ch\u00e2teau d&#039;Aqueria\" \/>\n<meta property=\"og:description\" content=\"Mentions l\u00e9gales Le site www.aqueria.com est la propri\u00e9t\u00e9 du Ch\u00e2teau d\u2019Aqueria, dont le si\u00e8ge social est situ\u00e9 : Ch\u00e2teau d\u2019Aqueria Route de Pujaut 30126 Tavel France contact@aqueria.com T\u00e9l : +33 (0)4 66 50 04 56 1. DROITS D\u2019AUTEUR (COPYRIGHT) Tous droits r\u00e9serv\u00e9s \u00a9 Copyright SCA CH\u00c2TEAU D\u2019AQUERIA L\u2019utilisation de ce service est r\u00e9serv\u00e9e \u00e0 un [&hellip;]\" \/>\n<meta property=\"og:url\" content=\"https:\/\/www.aqueria.com\/en\/legal-notices\/\" \/>\n<meta property=\"og:site_name\" content=\"Le Ch\u00e2teau d&#039;Aqueria, l&#039;excellence \u00e0 Tavel et Lirac depuis 1595\" \/>\n<meta property=\"article:modified_time\" content=\"2023-07-20T12:05:07+00:00\" \/>\n<meta property=\"og:image\" content=\"https:\/\/www.aqueria.com\/wp-content\/uploads\/logo-chateau-daqueria.png\" \/>\n\t<meta property=\"og:image:width\" content=\"1024\" \/>\n\t<meta property=\"og:image:height\" content=\"638\" \/>\n\t<meta property=\"og:image:type\" content=\"image\/png\" \/>\n<meta name=\"twitter:card\" content=\"summary_large_image\" \/>\n<meta name=\"twitter:label1\" content=\"Estimated reading time\" \/>\n\t<meta name=\"twitter:data1\" content=\"2 minutes\" \/>\n<script type=\"application\/ld+json\" class=\"yoast-schema-graph\">{\"@context\":\"https:\\\/\\\/schema.org\",\"@graph\":[{\"@type\":\"WebPage\",\"@id\":\"https:\\\/\\\/www.aqueria.com\\\/mentions-legales\\\/\",\"url\":\"https:\\\/\\\/www.aqueria.com\\\/mentions-legales\\\/\",\"name\":\"Mentions l\u00e9gales | Ch\u00e2teau d'Aqueria\",\"isPartOf\":{\"@id\":\"https:\\\/\\\/www.aqueria.com\\\/#website\"},\"primaryImageOfPage\":{\"@id\":\"https:\\\/\\\/www.aqueria.com\\\/mentions-legales\\\/#primaryimage\"},\"image\":{\"@id\":\"https:\\\/\\\/www.aqueria.com\\\/mentions-legales\\\/#primaryimage\"},\"thumbnailUrl\":\"https:\\\/\\\/www.aqueria.com\\\/wp-content\\\/uploads\\\/logo-chateau-daqueria.png\",\"datePublished\":\"2023-07-06T12:17:05+00:00\",\"dateModified\":\"2023-07-20T12:05:07+00:00\",\"breadcrumb\":{\"@id\":\"https:\\\/\\\/www.aqueria.com\\\/mentions-legales\\\/#breadcrumb\"},\"inLanguage\":\"en-GB\",\"potentialAction\":[{\"@type\":\"ReadAction\",\"target\":[\"https:\\\/\\\/www.aqueria.com\\\/mentions-legales\\\/\"]}]},{\"@type\":\"ImageObject\",\"inLanguage\":\"en-GB\",\"@id\":\"https:\\\/\\\/www.aqueria.com\\\/mentions-legales\\\/#primaryimage\",\"url\":\"https:\\\/\\\/www.aqueria.com\\\/wp-content\\\/uploads\\\/logo-chateau-daqueria.png\",\"contentUrl\":\"https:\\\/\\\/www.aqueria.com\\\/wp-content\\\/uploads\\\/logo-chateau-daqueria.png\",\"width\":1024,\"height\":638,\"caption\":\"Logo Ch\u00e2teau d'Aqueria\"},{\"@type\":\"BreadcrumbList\",\"@id\":\"https:\\\/\\\/www.aqueria.com\\\/mentions-legales\\\/#breadcrumb\",\"itemListElement\":[{\"@type\":\"ListItem\",\"position\":1,\"name\":\"Aqueria\",\"item\":\"https:\\\/\\\/www.aqueria.com\\\/\"},{\"@type\":\"ListItem\",\"position\":2,\"name\":\"Mentions l\u00e9gales\"}]},{\"@type\":\"WebSite\",\"@id\":\"https:\\\/\\\/www.aqueria.com\\\/#website\",\"url\":\"https:\\\/\\\/www.aqueria.com\\\/\",\"name\":\"Le Ch\u00e2teau d'Aqueria, l'excellence \u00e0 Tavel et Lirac depuis 1595\",\"description\":\"Nich\u00e9 au c\u0153ur de la garrigue et adoss\u00e9 \u00e0 une colline o\u00f9 s\u2019\u00e9panouissent de multiples essences m\u00e9diterran\u00e9ennes, le Ch\u00e2teau d\u2019Aqueria \u00e9tend son vignoble sur les appellations Tavel et Lirac. Deux crus, pour trois couleurs que le domaine produit avec passion et fiert\u00e9.\",\"publisher\":{\"@id\":\"https:\\\/\\\/www.aqueria.com\\\/#organization\"},\"potentialAction\":[{\"@type\":\"SearchAction\",\"target\":{\"@type\":\"EntryPoint\",\"urlTemplate\":\"https:\\\/\\\/www.aqueria.com\\\/?s={search_term_string}\"},\"query-input\":{\"@type\":\"PropertyValueSpecification\",\"valueRequired\":true,\"valueName\":\"search_term_string\"}}],\"inLanguage\":\"en-GB\"},{\"@type\":\"Organization\",\"@id\":\"https:\\\/\\\/www.aqueria.com\\\/#organization\",\"name\":\"Ch\u00e2teau d'Aqueria | Vignoble aux 3 terroirs uniques offrant des vins d\u2019exception\",\"url\":\"https:\\\/\\\/www.aqueria.com\\\/\",\"logo\":{\"@type\":\"ImageObject\",\"inLanguage\":\"en-GB\",\"@id\":\"https:\\\/\\\/www.aqueria.com\\\/#\\\/schema\\\/logo\\\/image\\\/\",\"url\":\"https:\\\/\\\/www.aqueria.com\\\/wp-content\\\/uploads\\\/logo-chateau-daqueria.png\",\"contentUrl\":\"https:\\\/\\\/www.aqueria.com\\\/wp-content\\\/uploads\\\/logo-chateau-daqueria.png\",\"width\":1024,\"height\":638,\"caption\":\"Ch\u00e2teau d'Aqueria | Vignoble aux 3 terroirs uniques offrant des vins d\u2019exception\"},\"image\":{\"@id\":\"https:\\\/\\\/www.aqueria.com\\\/#\\\/schema\\\/logo\\\/image\\\/\"}}]}<\/script>\n<!-- \/ Yoast SEO plugin. -->","yoast_head_json":{"title":"Mentions l\u00e9gales | Ch\u00e2teau d'Aqueria","robots":{"index":"index","follow":"follow","max-snippet":"max-snippet:-1","max-image-preview":"max-image-preview:large","max-video-preview":"max-video-preview:-1"},"canonical":"https:\/\/www.aqueria.com\/en\/legal-notices\/","og_locale":"en_GB","og_type":"article","og_title":"Mentions l\u00e9gales | Ch\u00e2teau d'Aqueria","og_description":"Mentions l\u00e9gales Le site www.aqueria.com est la propri\u00e9t\u00e9 du Ch\u00e2teau d\u2019Aqueria, dont le si\u00e8ge social est situ\u00e9 : Ch\u00e2teau d\u2019Aqueria Route de Pujaut 30126 Tavel France contact@aqueria.com T\u00e9l : +33 (0)4 66 50 04 56 1. DROITS D\u2019AUTEUR (COPYRIGHT) Tous droits r\u00e9serv\u00e9s \u00a9 Copyright SCA CH\u00c2TEAU D\u2019AQUERIA L\u2019utilisation de ce service est r\u00e9serv\u00e9e \u00e0 un [&hellip;]","og_url":"https:\/\/www.aqueria.com\/en\/legal-notices\/","og_site_name":"Le Ch\u00e2teau d&#039;Aqueria, l&#039;excellence \u00e0 Tavel et Lirac depuis 1595","article_modified_time":"2023-07-20T12:05:07+00:00","og_image":[{"width":1024,"height":638,"url":"https:\/\/www.aqueria.com\/wp-content\/uploads\/logo-chateau-daqueria.png","type":"image\/png"}],"twitter_card":"summary_large_image","twitter_misc":{"Estimated reading time":"2 minutes"},"schema":{"@context":"https:\/\/schema.org","@graph":[{"@type":"WebPage","@id":"https:\/\/www.aqueria.com\/mentions-legales\/","url":"https:\/\/www.aqueria.com\/mentions-legales\/","name":"Mentions l\u00e9gales | Ch\u00e2teau d'Aqueria","isPartOf":{"@id":"https:\/\/www.aqueria.com\/#website"},"primaryImageOfPage":{"@id":"https:\/\/www.aqueria.com\/mentions-legales\/#primaryimage"},"image":{"@id":"https:\/\/www.aqueria.com\/mentions-legales\/#primaryimage"},"thumbnailUrl":"https:\/\/www.aqueria.com\/wp-content\/uploads\/logo-chateau-daqueria.png","datePublished":"2023-07-06T12:17:05+00:00","dateModified":"2023-07-20T12:05:07+00:00","breadcrumb":{"@id":"https:\/\/www.aqueria.com\/mentions-legales\/#breadcrumb"},"inLanguage":"en-GB","potentialAction":[{"@type":"ReadAction","target":["https:\/\/www.aqueria.com\/mentions-legales\/"]}]},{"@type":"ImageObject","inLanguage":"en-GB","@id":"https:\/\/www.aqueria.com\/mentions-legales\/#primaryimage","url":"https:\/\/www.aqueria.com\/wp-content\/uploads\/logo-chateau-daqueria.png","contentUrl":"https:\/\/www.aqueria.com\/wp-content\/uploads\/logo-chateau-daqueria.png","width":1024,"height":638,"caption":"Logo Ch\u00e2teau d'Aqueria"},{"@type":"BreadcrumbList","@id":"https:\/\/www.aqueria.com\/mentions-legales\/#breadcrumb","itemListElement":[{"@type":"ListItem","position":1,"name":"Aqueria","item":"https:\/\/www.aqueria.com\/"},{"@type":"ListItem","position":2,"name":"Mentions l\u00e9gales"}]},{"@type":"WebSite","@id":"https:\/\/www.aqueria.com\/#website","url":"https:\/\/www.aqueria.com\/","name":"Achieving excellence in Tavel and Lirac since 1595","description":"Nestled in the heart of the garrigue with the backdrop of an unmistakeably Mediterranean hillside, the vineyards of Ch\u00e2teau d\u2019Aqueria extend across the appellations of Tavel and Lirac. Two growths in three colours produced at the estate with passion and pride.","publisher":{"@id":"https:\/\/www.aqueria.com\/#organization"},"potentialAction":[{"@type":"SearchAction","target":{"@type":"EntryPoint","urlTemplate":"https:\/\/www.aqueria.com\/?s={search_term_string}"},"query-input":{"@type":"PropertyValueSpecification","valueRequired":true,"valueName":"search_term_string"}}],"inLanguage":"en-GB"},{"@type":"Organization","@id":"https:\/\/www.aqueria.com\/#organization","name":"Ch\u00e2teau d'Aqueria | Vignoble aux 3 terroirs uniques offrant des vins d\u2019exception","url":"https:\/\/www.aqueria.com\/","logo":{"@type":"ImageObject","inLanguage":"en-GB","@id":"https:\/\/www.aqueria.com\/#\/schema\/logo\/image\/","url":"https:\/\/www.aqueria.com\/wp-content\/uploads\/logo-chateau-daqueria.png","contentUrl":"https:\/\/www.aqueria.com\/wp-content\/uploads\/logo-chateau-daqueria.png","width":1024,"height":638,"caption":"Ch\u00e2teau d'Aqueria | Vignoble aux 3 terroirs uniques offrant des vins d\u2019exception"},"image":{"@id":"https:\/\/www.aqueria.com\/#\/schema\/logo\/image\/"}}]}},"_links":{"self":[{"href":"https:\/\/www.aqueria.com\/en\/wp-json\/wp\/v2\/pages\/6523","targetHints":{"allow":["GET"]}}],"collection":[{"href":"https:\/\/www.aqueria.com\/en\/wp-json\/wp\/v2\/pages"}],"about":[{"href":"https:\/\/www.aqueria.com\/en\/wp-json\/wp\/v2\/types\/page"}],"author":[{"embeddable":true,"href":"https:\/\/www.aqueria.com\/en\/wp-json\/wp\/v2\/users\/3"}],"replies":[{"embeddable":true,"href":"https:\/\/www.aqueria.com\/en\/wp-json\/wp\/v2\/comments?post=6523"}],"version-history":[{"count":8,"href":"https:\/\/www.aqueria.com\/en\/wp-json\/wp\/v2\/pages\/6523\/revisions"}],"predecessor-version":[{"id":7051,"href":"https:\/\/www.aqueria.com\/en\/wp-json\/wp\/v2\/pages\/6523\/revisions\/7051"}],"wp:featuredmedia":[{"embeddable":true,"href":"https:\/\/www.aqueria.com\/en\/wp-json\/wp\/v2\/media\/7137"}],"wp:attachment":[{"href":"https:\/\/www.aqueria.com\/en\/wp-json\/wp\/v2\/media?parent=6523"}],"curies":[{"name":"wp","href":"https:\/\/api.w.org\/{rel}","templated":true}]}}