{"id":33,"date":"2023-04-04T07:58:45","date_gmt":"2023-04-04T07:58:45","guid":{"rendered":"https:\/\/www.aqueria.com\/?page_id=33"},"modified":"2024-07-08T08:51:11","modified_gmt":"2024-07-08T06:51:11","slug":"wine-tourism","status":"publish","type":"page","link":"https:\/\/www.aqueria.com\/en\/wine-tourism\/","title":{"rendered":"Wine Tourism"},"content":{"rendered":"<div data-elementor-type=\"wp-page\" data-elementor-id=\"33\" class=\"elementor elementor-33\" data-elementor-post-type=\"page\">\n\t\t\t\t<div class=\"elementor-element elementor-element-5476e023 e-con-full e-flex elementor-invisible e-con e-parent\" data-id=\"5476e023\" data-element_type=\"container\" data-e-type=\"container\" data-settings=\"{&quot;background_background&quot;:&quot;classic&quot;,&quot;animation&quot;:&quot;fadeIn&quot;}\">\n\t\t\t\t<\/div>\n\t\t<section class=\"elementor-element elementor-element-50136476 e-flex e-con-boxed elementor-invisible e-con e-parent\" data-id=\"50136476\" data-element_type=\"container\" data-e-type=\"container\" data-settings=\"{&quot;background_background&quot;:&quot;classic&quot;,&quot;animation&quot;:&quot;fadeIn&quot;}\">\n\t\t\t\t\t<div class=\"e-con-inner\">\n\t\t<div class=\"elementor-element elementor-element-24b572f1 e-flex e-con-boxed e-con e-child\" data-id=\"24b572f1\" data-element_type=\"container\" data-e-type=\"container\" data-settings=\"{&quot;background_background&quot;:&quot;classic&quot;}\">\n\t\t\t\t\t<div class=\"e-con-inner\">\n\t\t\t\t<div class=\"elementor-element elementor-element-1e8fce34 elementor-align-center elementor-widget elementor-widget-breadcrumbs\" data-id=\"1e8fce34\" data-element_type=\"widget\" data-e-type=\"widget\" data-widget_type=\"breadcrumbs.default\">\n\t\t\t\t<div class=\"elementor-widget-container\">\n\t\t\t\t\t<p id=\"breadcrumbs\"><span><span><a href=\"https:\/\/www.aqueria.com\/en\">Aqueria<\/a><\/span><\/span><\/p>\t\t\t\t<\/div>\n\t\t\t\t<\/div>\n\t\t\t\t<div class=\"elementor-element elementor-element-21449f36 elementor-widget elementor-widget-heading\" data-id=\"21449f36\" data-element_type=\"widget\" data-e-type=\"widget\" data-widget_type=\"heading.default\">\n\t\t\t\t<div class=\"elementor-widget-container\">\n\t\t\t\t\t<h1 class=\"elementor-heading-title elementor-size-default\">Wine Tourism<\/h1>\t\t\t\t<\/div>\n\t\t\t\t<\/div>\n\t\t\t\t<div class=\"elementor-element elementor-element-32040655 elementor-widget elementor-widget-text-editor\" data-id=\"32040655\" data-element_type=\"widget\" data-e-type=\"widget\" data-widget_type=\"text-editor.default\">\n\t\t\t\t<div class=\"elementor-widget-container\">\n\t\t\t\t\t\t\t\t\t<p>Ch\u00e2teau d\u2019Aqueria opens its doors for an amazing stroll through the heart of the Tavel and Lirac appellations. Discover its terroirs and its cellars: an immersive initiation through an accompanied tasting of the top wines of the Ch\u00e2teau. A unique and enjoyable experience in the southern Rh\u00f4ne Valley.<\/p>\t\t\t\t\t\t\t\t<\/div>\n\t\t\t\t<\/div>\n\t\t<div class=\"elementor-element elementor-element-6afeb967 e-con-full e-flex e-con e-child\" data-id=\"6afeb967\" data-element_type=\"container\" data-e-type=\"container\">\n\t\t\t\t<div class=\"elementor-element elementor-element-3c9a30e btn-right elementor-widget elementor-widget-button\" data-id=\"3c9a30e\" data-element_type=\"widget\" data-e-type=\"widget\" data-widget_type=\"button.default\">\n\t\t\t\t<div class=\"elementor-widget-container\">\n\t\t\t\t\t\t\t\t\t<div class=\"elementor-button-wrapper\">\n\t\t\t\t\t<a class=\"elementor-button elementor-button-link elementor-size-sm\" href=\"#cave\">\n\t\t\t\t\t\t<span class=\"elementor-button-content-wrapper\">\n\t\t\t\t\t\t\t\t\t<span class=\"elementor-button-text\">Guided Tour of the Cellars<\/span>\n\t\t\t\t\t<\/span>\n\t\t\t\t\t<\/a>\n\t\t\t\t<\/div>\n\t\t\t\t\t\t\t\t<\/div>\n\t\t\t\t<\/div>\n\t\t\t\t<div class=\"elementor-element elementor-element-939f5da btn-left elementor-widget elementor-widget-button\" data-id=\"939f5da\" data-element_type=\"widget\" data-e-type=\"widget\" data-widget_type=\"button.default\">\n\t\t\t\t<div class=\"elementor-widget-container\">\n\t\t\t\t\t\t\t\t\t<div class=\"elementor-button-wrapper\">\n\t\t\t\t\t<a class=\"elementor-button elementor-button-link elementor-size-sm\" href=\"#caveau\">\n\t\t\t\t\t\t<span class=\"elementor-button-content-wrapper\">\n\t\t\t\t\t\t\t\t\t<span class=\"elementor-button-text\">The Cellars<\/span>\n\t\t\t\t\t<\/span>\n\t\t\t\t\t<\/a>\n\t\t\t\t<\/div>\n\t\t\t\t\t\t\t\t<\/div>\n\t\t\t\t<\/div>\n\t\t\t\t<div class=\"elementor-element elementor-element-526a3859 elementor-widget elementor-widget-button\" data-id=\"526a3859\" data-element_type=\"widget\" data-e-type=\"widget\" data-widget_type=\"button.default\">\n\t\t\t\t<div class=\"elementor-widget-container\">\n\t\t\t\t\t\t\t\t\t<div class=\"elementor-button-wrapper\">\n\t\t\t\t\t<a class=\"elementor-button elementor-button-link elementor-size-sm\" href=\"#sentier\">\n\t\t\t\t\t\t<span class=\"elementor-button-content-wrapper\">\n\t\t\t\t\t\t\t\t\t<span class=\"elementor-button-text\">Walking Tour around the Ch\u00e2teau<\/span>\n\t\t\t\t\t<\/span>\n\t\t\t\t\t<\/a>\n\t\t\t\t<\/div>\n\t\t\t\t\t\t\t\t<\/div>\n\t\t\t\t<\/div>\n\t\t\t\t<\/div>\n\t\t\t\t\t<\/div>\n\t\t\t\t<\/div>\n\t\t\t\t\t<\/div>\n\t\t\t\t<\/section>\n\t\t<div class=\"elementor-element elementor-element-f7d75df e-flex e-con-boxed e-con e-parent\" data-id=\"f7d75df\" data-element_type=\"container\" data-e-type=\"container\" id=\"caveau\">\n\t\t\t\t\t<div class=\"e-con-inner\">\n\t\t<div class=\"elementor-element elementor-element-6bdfc01 e-con-full e-flex e-con e-child\" data-id=\"6bdfc01\" data-element_type=\"container\" data-e-type=\"container\">\n\t\t<div class=\"elementor-element elementor-element-47887a2 e-con-full e-flex elementor-invisible e-con e-child\" data-id=\"47887a2\" data-element_type=\"container\" data-e-type=\"container\" data-settings=\"{&quot;animation&quot;:&quot;fadeIn&quot;}\">\n\t\t\t\t<div class=\"elementor-element elementor-element-8fc29cb elementor-widget elementor-widget-heading\" data-id=\"8fc29cb\" data-element_type=\"widget\" data-e-type=\"widget\" data-widget_type=\"heading.default\">\n\t\t\t\t<div class=\"elementor-widget-container\">\n\t\t\t\t\t<h2 class=\"elementor-heading-title elementor-size-default\">The Cellars<\/h2>\t\t\t\t<\/div>\n\t\t\t\t<\/div>\n\t\t\t\t<div class=\"elementor-element elementor-element-94ea0f0 elementor-widget elementor-widget-text-editor\" data-id=\"94ea0f0\" data-element_type=\"widget\" data-e-type=\"widget\" data-widget_type=\"text-editor.default\">\n\t\t\t\t<div class=\"elementor-widget-container\">\n\t\t\t\t\t\t\t\t\t<p>The team at Ch\u00e2teau d\u2019Aqueria invites you to an amazing tasting of the wines of Tavel and Lirac.<\/p><p><strong>September to May:<\/strong> Monday to Thursday: 08.00 - 12.00 and 13.30 - 17.30<br \/>Friday: 08.00 - 12.00 and 13.30 - 16.30. Closed Saturday and Sunday.<\/p><p><strong>June to August:<\/strong><br \/>Monday: 08.00 - 12.00 and 13.30 - 17.30<br \/>Du mardi au vendredi de 8h00 \u00e0 13h00 et de 13h30 \u00e0 18h30.\u00a0<span style=\"font-size: 1.25rem;\">Le samedi de 10h00 \u00e0 17h30. Ferm\u00e9 dimanche.<\/span><\/p><p>No appointment required.<br \/>For further information: caveau@aqueria.com or + 33 (0) 466 500 456<\/p>\t\t\t\t\t\t\t\t<\/div>\n\t\t\t\t<\/div>\n\t\t\t\t<\/div>\n\t\t<div class=\"elementor-element elementor-element-bc4712b e-con-full e-flex e-con e-child\" data-id=\"bc4712b\" data-element_type=\"container\" data-e-type=\"container\">\n\t\t<div class=\"elementor-element elementor-element-ade1ea5 e-con-full e-flex elementor-invisible e-con e-child\" data-id=\"ade1ea5\" data-element_type=\"container\" data-e-type=\"container\" data-settings=\"{&quot;background_background&quot;:&quot;classic&quot;,&quot;animation&quot;:&quot;fadeIn&quot;}\">\n\t\t\t\t<\/div>\n\t\t<div class=\"elementor-element elementor-element-f78d434 e-con-full e-flex e-con e-child\" data-id=\"f78d434\" data-element_type=\"container\" data-e-type=\"container\">\n\t\t<div class=\"elementor-element elementor-element-5cc5b81 e-con-full e-flex elementor-invisible e-con e-child\" data-id=\"5cc5b81\" data-element_type=\"container\" data-e-type=\"container\" data-settings=\"{&quot;background_background&quot;:&quot;classic&quot;,&quot;animation&quot;:&quot;fadeIn&quot;}\">\n\t\t\t\t<\/div>\n\t\t<div class=\"elementor-element elementor-element-2b7057d e-con-full e-flex elementor-invisible e-con e-child\" data-id=\"2b7057d\" data-element_type=\"container\" data-e-type=\"container\" data-settings=\"{&quot;background_background&quot;:&quot;classic&quot;,&quot;animation&quot;:&quot;fadeIn&quot;}\">\n\t\t\t\t<\/div>\n\t\t\t\t<\/div>\n\t\t\t\t<\/div>\n\t\t\t\t<\/div>\n\t\t\t\t\t<\/div>\n\t\t\t\t<\/div>\n\t\t<div class=\"elementor-element elementor-element-b991a6c e-flex e-con-boxed e-con e-parent\" data-id=\"b991a6c\" data-element_type=\"container\" data-e-type=\"container\">\n\t\t\t\t\t<div class=\"e-con-inner\">\n\t\t<div class=\"elementor-element elementor-element-bc2844f e-con-full e-flex elementor-invisible e-con e-child\" data-id=\"bc2844f\" data-element_type=\"container\" data-e-type=\"container\" data-settings=\"{&quot;background_background&quot;:&quot;classic&quot;,&quot;animation&quot;:&quot;fadeIn&quot;}\">\n\t\t\t\t<\/div>\n\t\t<div class=\"elementor-element elementor-element-13be543 e-con-full e-flex elementor-invisible e-con e-child\" data-id=\"13be543\" data-element_type=\"container\" data-e-type=\"container\" id=\"cave\" data-settings=\"{&quot;animation&quot;:&quot;fadeIn&quot;}\">\n\t\t\t\t<div class=\"elementor-element elementor-element-2d11624 elementor-widget elementor-widget-heading\" data-id=\"2d11624\" data-element_type=\"widget\" data-e-type=\"widget\" data-widget_type=\"heading.default\">\n\t\t\t\t<div class=\"elementor-widget-container\">\n\t\t\t\t\t<h2 class=\"elementor-heading-title elementor-size-default\">Guided Tour of the Cellars<\/h2>\t\t\t\t<\/div>\n\t\t\t\t<\/div>\n\t\t\t\t<div class=\"elementor-element elementor-element-44397a6 elementor-widget elementor-widget-text-editor\" data-id=\"44397a6\" data-element_type=\"widget\" data-e-type=\"widget\" data-widget_type=\"text-editor.default\">\n\t\t\t\t<div class=\"elementor-widget-container\">\n\t\t\t\t\t\t\t\t\t<p>The team at Ch\u00e2teau d\u2019Aqueria will give you guided tour of our cellars where you can learn about the various stages of winemaking at the Ch\u00e2teau and its history.<\/p><p>The visit will be followed by a tasting of our wines from Tavel and Lirac.<\/p><p>Only during opening hours and with prior appointment.<\/p><p>For reservations and further information: caveau@aqueria.com or + 33 (0) 466 500 456<\/p><p>Visit length: About 1 hour.<br \/>Commentary in French or English.<\/p>\t\t\t\t\t\t\t\t<\/div>\n\t\t\t\t<\/div>\n\t\t\t\t<\/div>\n\t\t<div class=\"elementor-element elementor-element-6ca0c07 e-con-full e-flex elementor-invisible e-con e-child\" data-id=\"6ca0c07\" data-element_type=\"container\" data-e-type=\"container\" id=\"sentier\" data-settings=\"{&quot;animation&quot;:&quot;fadeIn&quot;}\">\n\t\t\t\t<div class=\"elementor-element elementor-element-4784efa elementor-widget-mobile__width-inherit elementor-widget-tablet__width-inherit elementor-widget elementor-widget-heading\" data-id=\"4784efa\" data-element_type=\"widget\" data-e-type=\"widget\" data-widget_type=\"heading.default\">\n\t\t\t\t<div class=\"elementor-widget-container\">\n\t\t\t\t\t<h2 class=\"elementor-heading-title elementor-size-default\">Walking Tour around the Ch\u00e2teau d\u2019Aqueria<\/h2>\t\t\t\t<\/div>\n\t\t\t\t<\/div>\n\t\t\t\t<div class=\"elementor-element elementor-element-84e122c elementor-widget-tablet__width-inherit elementor-widget elementor-widget-text-editor\" data-id=\"84e122c\" data-element_type=\"widget\" data-e-type=\"widget\" data-widget_type=\"text-editor.default\">\n\t\t\t\t<div class=\"elementor-widget-container\">\n\t\t\t\t\t\t\t\t\t<p>When you arrive at Ch\u00e2teau d\u2019Aqueria you will be given a map of the path you can follow. You will walk through five centuries of the history of Ch\u00e2teau d\u2019Aqueria and the generations of people responsible for working these exceptional terroirs. You will also have a panoramic view of Mont Ventoux as you stroll through the woodlands and vineyards of the Ch\u00e2teau.<\/p>\n<p>Only during opening hours. No prior appointment required.<\/p>\n<p>For further information: caveau@aqueria.com or + 33 (0) 466 500 456<\/p>\n<p>Visite libre<br>Visit length: About 1 hour.<br>Map in French or English. <br>Tasting notes in French or English.<\/p>\t\t\t\t\t\t\t\t<\/div>\n\t\t\t\t<\/div>\n\t\t\t\t<\/div>\n\t\t<div class=\"elementor-element elementor-element-f099f18 e-con-full e-flex elementor-invisible e-con e-child\" data-id=\"f099f18\" data-element_type=\"container\" data-e-type=\"container\" data-settings=\"{&quot;background_background&quot;:&quot;classic&quot;,&quot;animation&quot;:&quot;fadeIn&quot;}\">\n\t\t\t\t<\/div>\n\t\t\t\t\t<\/div>\n\t\t\t\t<\/div>\n\t\t\t\t<\/div>","protected":false},"excerpt":{"rendered":"<p>\u0152notourisme Le Ch\u00e2teau d\u2019Aqueria vous ouvre ses portes pour une incroyable balade au c\u0153ur des appellations Tavel et Lirac. Partez \u00e0 la d\u00e9couverte de ses terroirs et ses caves : une initiation p\u00e9dagogique accompagn\u00e9e de la d\u00e9gustation comment\u00e9e des grands vins du Ch\u00e2teau. Une exp\u00e9rience unique et conviviale dans le sud de la Vall\u00e9e du [&hellip;]<\/p>\n","protected":false},"author":3,"featured_media":7145,"parent":0,"menu_order":0,"comment_status":"closed","ping_status":"closed","template":"","meta":{"_acf_changed":false,"footnotes":""},"class_list":["post-33","page","type-page","status-publish","has-post-thumbnail","hentry"],"acf":[],"yoast_head":"<!-- This site is optimized with the Yoast SEO plugin v27.4 - https:\/\/yoast.com\/product\/yoast-seo-wordpress\/ -->\n<title>\u0152notourisme au Ch\u00e2teau d&#039;Aqueria. Visite de la cave et sentier d\u00e9couverte.<\/title>\n<meta name=\"description\" content=\"Le Ch\u00e2teau d\u2019Aqueria vous ouvre ses portes pour une incroyable balade au c\u0153ur des appellations Tavel et Lirac. Partez \u00e0 la d\u00e9couverte de ses terroirs et ses caves : une initiation p\u00e9dagogique accompagn\u00e9e de la d\u00e9gustation comment\u00e9e des grands vins du Ch\u00e2teau. Une exp\u00e9rience unique et conviviale dans le sud de la Vall\u00e9e du Rh\u00f4ne.\" \/>\n<meta name=\"robots\" content=\"index, follow, max-snippet:-1, max-image-preview:large, max-video-preview:-1\" \/>\n<link rel=\"canonical\" href=\"https:\/\/www.aqueria.com\/en\/wine-tourism\/\" \/>\n<meta property=\"og:locale\" content=\"en_GB\" \/>\n<meta property=\"og:type\" content=\"article\" \/>\n<meta property=\"og:title\" content=\"\u0152notourisme au Ch\u00e2teau d&#039;Aqueria. Visite de la cave et sentier d\u00e9couverte.\" \/>\n<meta property=\"og:description\" content=\"Le Ch\u00e2teau d\u2019Aqueria vous ouvre ses portes pour une incroyable balade au c\u0153ur des appellations Tavel et Lirac. Partez \u00e0 la d\u00e9couverte de ses terroirs et ses caves : une initiation p\u00e9dagogique accompagn\u00e9e de la d\u00e9gustation comment\u00e9e des grands vins du Ch\u00e2teau. Une exp\u00e9rience unique et conviviale dans le sud de la Vall\u00e9e du Rh\u00f4ne.\" \/>\n<meta property=\"og:url\" content=\"https:\/\/www.aqueria.com\/en\/wine-tourism\/\" \/>\n<meta property=\"og:site_name\" content=\"Le Ch\u00e2teau d&#039;Aqueria, l&#039;excellence \u00e0 Tavel et Lirac depuis 1595\" \/>\n<meta property=\"article:modified_time\" content=\"2024-07-08T06:51:11+00:00\" \/>\n<meta property=\"og:image\" content=\"https:\/\/www.aqueria.com\/wp-content\/uploads\/2022_06_20_AQUERIA_Tavel_Les-Bourbons_001.jpg\" \/>\n\t<meta property=\"og:image:width\" content=\"1600\" \/>\n\t<meta property=\"og:image:height\" content=\"1067\" \/>\n\t<meta property=\"og:image:type\" content=\"image\/jpeg\" \/>\n<meta name=\"twitter:card\" content=\"summary_large_image\" \/>\n<meta name=\"twitter:label1\" content=\"Estimated reading time\" \/>\n\t<meta name=\"twitter:data1\" content=\"2 minutes\" \/>\n<script type=\"application\/ld+json\" class=\"yoast-schema-graph\">{\"@context\":\"https:\\\/\\\/schema.org\",\"@graph\":[{\"@type\":\"WebPage\",\"@id\":\"https:\\\/\\\/www.aqueria.com\\\/oenotourisme\\\/\",\"url\":\"https:\\\/\\\/www.aqueria.com\\\/oenotourisme\\\/\",\"name\":\"\u0152notourisme au Ch\u00e2teau d'Aqueria. Visite de la cave et sentier d\u00e9couverte.\",\"isPartOf\":{\"@id\":\"https:\\\/\\\/www.aqueria.com\\\/#website\"},\"primaryImageOfPage\":{\"@id\":\"https:\\\/\\\/www.aqueria.com\\\/oenotourisme\\\/#primaryimage\"},\"image\":{\"@id\":\"https:\\\/\\\/www.aqueria.com\\\/oenotourisme\\\/#primaryimage\"},\"thumbnailUrl\":\"https:\\\/\\\/www.aqueria.com\\\/wp-content\\\/uploads\\\/2022_06_20_AQUERIA_Tavel_Les-Bourbons_001.jpg\",\"datePublished\":\"2023-04-04T07:58:45+00:00\",\"dateModified\":\"2024-07-08T06:51:11+00:00\",\"description\":\"Le Ch\u00e2teau d\u2019Aqueria vous ouvre ses portes pour une incroyable balade au c\u0153ur des appellations Tavel et Lirac. Partez \u00e0 la d\u00e9couverte de ses terroirs et ses caves : une initiation p\u00e9dagogique accompagn\u00e9e de la d\u00e9gustation comment\u00e9e des grands vins du Ch\u00e2teau. Une exp\u00e9rience unique et conviviale dans le sud de la Vall\u00e9e du Rh\u00f4ne.\",\"breadcrumb\":{\"@id\":\"https:\\\/\\\/www.aqueria.com\\\/oenotourisme\\\/#breadcrumb\"},\"inLanguage\":\"en-GB\",\"potentialAction\":[{\"@type\":\"ReadAction\",\"target\":[\"https:\\\/\\\/www.aqueria.com\\\/oenotourisme\\\/\"]}]},{\"@type\":\"ImageObject\",\"inLanguage\":\"en-GB\",\"@id\":\"https:\\\/\\\/www.aqueria.com\\\/oenotourisme\\\/#primaryimage\",\"url\":\"https:\\\/\\\/www.aqueria.com\\\/wp-content\\\/uploads\\\/2022_06_20_AQUERIA_Tavel_Les-Bourbons_001.jpg\",\"contentUrl\":\"https:\\\/\\\/www.aqueria.com\\\/wp-content\\\/uploads\\\/2022_06_20_AQUERIA_Tavel_Les-Bourbons_001.jpg\",\"width\":1600,\"height\":1067,\"caption\":\"Le vignoble du Ch\u00e2teau d'Aqueria\"},{\"@type\":\"BreadcrumbList\",\"@id\":\"https:\\\/\\\/www.aqueria.com\\\/oenotourisme\\\/#breadcrumb\",\"itemListElement\":[{\"@type\":\"ListItem\",\"position\":1,\"name\":\"Aqueria\",\"item\":\"https:\\\/\\\/www.aqueria.com\\\/\"},{\"@type\":\"ListItem\",\"position\":2,\"name\":\"\u0152notourisme\"}]},{\"@type\":\"WebSite\",\"@id\":\"https:\\\/\\\/www.aqueria.com\\\/#website\",\"url\":\"https:\\\/\\\/www.aqueria.com\\\/\",\"name\":\"Le Ch\u00e2teau d'Aqueria, l'excellence \u00e0 Tavel et Lirac depuis 1595\",\"description\":\"Nich\u00e9 au c\u0153ur de la garrigue et adoss\u00e9 \u00e0 une colline o\u00f9 s\u2019\u00e9panouissent de multiples essences m\u00e9diterran\u00e9ennes, le Ch\u00e2teau d\u2019Aqueria \u00e9tend son vignoble sur les appellations Tavel et Lirac. Deux crus, pour trois couleurs que le domaine produit avec passion et fiert\u00e9.\",\"publisher\":{\"@id\":\"https:\\\/\\\/www.aqueria.com\\\/#organization\"},\"potentialAction\":[{\"@type\":\"SearchAction\",\"target\":{\"@type\":\"EntryPoint\",\"urlTemplate\":\"https:\\\/\\\/www.aqueria.com\\\/?s={search_term_string}\"},\"query-input\":{\"@type\":\"PropertyValueSpecification\",\"valueRequired\":true,\"valueName\":\"search_term_string\"}}],\"inLanguage\":\"en-GB\"},{\"@type\":\"Organization\",\"@id\":\"https:\\\/\\\/www.aqueria.com\\\/#organization\",\"name\":\"Ch\u00e2teau d'Aqueria | Vignoble aux 3 terroirs uniques offrant des vins d\u2019exception\",\"url\":\"https:\\\/\\\/www.aqueria.com\\\/\",\"logo\":{\"@type\":\"ImageObject\",\"inLanguage\":\"en-GB\",\"@id\":\"https:\\\/\\\/www.aqueria.com\\\/#\\\/schema\\\/logo\\\/image\\\/\",\"url\":\"https:\\\/\\\/www.aqueria.com\\\/wp-content\\\/uploads\\\/logo-chateau-daqueria.png\",\"contentUrl\":\"https:\\\/\\\/www.aqueria.com\\\/wp-content\\\/uploads\\\/logo-chateau-daqueria.png\",\"width\":1024,\"height\":638,\"caption\":\"Ch\u00e2teau d'Aqueria | Vignoble aux 3 terroirs uniques offrant des vins d\u2019exception\"},\"image\":{\"@id\":\"https:\\\/\\\/www.aqueria.com\\\/#\\\/schema\\\/logo\\\/image\\\/\"}}]}<\/script>\n<!-- \/ Yoast SEO plugin. -->","yoast_head_json":{"title":"Wine tourism at Ch\u00e2teau d'Aqueria. Visit the cellars and Tours around the domain.","description":"Ch\u00e2teau d\u2019Aqueria opens its doors for an amazing stroll through the heart of the Tavel and Lirac appellations. Discover its terroirs and its cellars: an immersive initiation through an accompanied tasting of the top wines of the Ch\u00e2teau. A unique and enjoyable experience in the southern Rh\u00f4ne Valley.","robots":{"index":"index","follow":"follow","max-snippet":"max-snippet:-1","max-image-preview":"max-image-preview:large","max-video-preview":"max-video-preview:-1"},"canonical":"https:\/\/www.aqueria.com\/en\/wine-tourism\/","og_locale":"en_GB","og_type":"article","og_title":"\u0152notourisme au Ch\u00e2teau d'Aqueria. Visite de la cave et sentier d\u00e9couverte.","og_description":"Le Ch\u00e2teau d\u2019Aqueria vous ouvre ses portes pour une incroyable balade au c\u0153ur des appellations Tavel et Lirac. Partez \u00e0 la d\u00e9couverte de ses terroirs et ses caves : une initiation p\u00e9dagogique accompagn\u00e9e de la d\u00e9gustation comment\u00e9e des grands vins du Ch\u00e2teau. Une exp\u00e9rience unique et conviviale dans le sud de la Vall\u00e9e du Rh\u00f4ne.","og_url":"https:\/\/www.aqueria.com\/en\/wine-tourism\/","og_site_name":"Le Ch\u00e2teau d&#039;Aqueria, l&#039;excellence \u00e0 Tavel et Lirac depuis 1595","article_modified_time":"2024-07-08T06:51:11+00:00","og_image":[{"width":1600,"height":1067,"url":"https:\/\/www.aqueria.com\/wp-content\/uploads\/2022_06_20_AQUERIA_Tavel_Les-Bourbons_001.jpg","type":"image\/jpeg"}],"twitter_card":"summary_large_image","twitter_misc":{"Estimated reading time":"2 minutes"},"schema":{"@context":"https:\/\/schema.org","@graph":[{"@type":"WebPage","@id":"https:\/\/www.aqueria.com\/oenotourisme\/","url":"https:\/\/www.aqueria.com\/oenotourisme\/","name":"Wine tourism at Ch\u00e2teau d'Aqueria. Visit the cellars and Tours around the domain.","isPartOf":{"@id":"https:\/\/www.aqueria.com\/#website"},"primaryImageOfPage":{"@id":"https:\/\/www.aqueria.com\/oenotourisme\/#primaryimage"},"image":{"@id":"https:\/\/www.aqueria.com\/oenotourisme\/#primaryimage"},"thumbnailUrl":"https:\/\/www.aqueria.com\/wp-content\/uploads\/2022_06_20_AQUERIA_Tavel_Les-Bourbons_001.jpg","datePublished":"2023-04-04T07:58:45+00:00","dateModified":"2024-07-08T06:51:11+00:00","description":"Ch\u00e2teau d\u2019Aqueria opens its doors for an amazing stroll through the heart of the Tavel and Lirac appellations. Discover its terroirs and its cellars: an immersive initiation through an accompanied tasting of the top wines of the Ch\u00e2teau. A unique and enjoyable experience in the southern Rh\u00f4ne Valley.","breadcrumb":{"@id":"https:\/\/www.aqueria.com\/oenotourisme\/#breadcrumb"},"inLanguage":"en-GB","potentialAction":[{"@type":"ReadAction","target":["https:\/\/www.aqueria.com\/oenotourisme\/"]}]},{"@type":"ImageObject","inLanguage":"en-GB","@id":"https:\/\/www.aqueria.com\/oenotourisme\/#primaryimage","url":"https:\/\/www.aqueria.com\/wp-content\/uploads\/2022_06_20_AQUERIA_Tavel_Les-Bourbons_001.jpg","contentUrl":"https:\/\/www.aqueria.com\/wp-content\/uploads\/2022_06_20_AQUERIA_Tavel_Les-Bourbons_001.jpg","width":1600,"height":1067,"caption":"Le vignoble du Ch\u00e2teau d'Aqueria"},{"@type":"BreadcrumbList","@id":"https:\/\/www.aqueria.com\/oenotourisme\/#breadcrumb","itemListElement":[{"@type":"ListItem","position":1,"name":"Aqueria","item":"https:\/\/www.aqueria.com\/"},{"@type":"ListItem","position":2,"name":"\u0152notourisme"}]},{"@type":"WebSite","@id":"https:\/\/www.aqueria.com\/#website","url":"https:\/\/www.aqueria.com\/","name":"Achieving excellence in Tavel and Lirac since 1595","description":"Nestled in the heart of the garrigue with the backdrop of an unmistakeably Mediterranean hillside, the vineyards of Ch\u00e2teau d\u2019Aqueria extend across the appellations of Tavel and Lirac. Two growths in three colours produced at the estate with passion and pride.","publisher":{"@id":"https:\/\/www.aqueria.com\/#organization"},"potentialAction":[{"@type":"SearchAction","target":{"@type":"EntryPoint","urlTemplate":"https:\/\/www.aqueria.com\/?s={search_term_string}"},"query-input":{"@type":"PropertyValueSpecification","valueRequired":true,"valueName":"search_term_string"}}],"inLanguage":"en-GB"},{"@type":"Organization","@id":"https:\/\/www.aqueria.com\/#organization","name":"Ch\u00e2teau d'Aqueria | Vignoble aux 3 terroirs uniques offrant des vins d\u2019exception","url":"https:\/\/www.aqueria.com\/","logo":{"@type":"ImageObject","inLanguage":"en-GB","@id":"https:\/\/www.aqueria.com\/#\/schema\/logo\/image\/","url":"https:\/\/www.aqueria.com\/wp-content\/uploads\/logo-chateau-daqueria.png","contentUrl":"https:\/\/www.aqueria.com\/wp-content\/uploads\/logo-chateau-daqueria.png","width":1024,"height":638,"caption":"Ch\u00e2teau d'Aqueria | Vignoble aux 3 terroirs uniques offrant des vins d\u2019exception"},"image":{"@id":"https:\/\/www.aqueria.com\/#\/schema\/logo\/image\/"}}]}},"_links":{"self":[{"href":"https:\/\/www.aqueria.com\/en\/wp-json\/wp\/v2\/pages\/33","targetHints":{"allow":["GET"]}}],"collection":[{"href":"https:\/\/www.aqueria.com\/en\/wp-json\/wp\/v2\/pages"}],"about":[{"href":"https:\/\/www.aqueria.com\/en\/wp-json\/wp\/v2\/types\/page"}],"author":[{"embeddable":true,"href":"https:\/\/www.aqueria.com\/en\/wp-json\/wp\/v2\/users\/3"}],"replies":[{"embeddable":true,"href":"https:\/\/www.aqueria.com\/en\/wp-json\/wp\/v2\/comments?post=33"}],"version-history":[{"count":442,"href":"https:\/\/www.aqueria.com\/en\/wp-json\/wp\/v2\/pages\/33\/revisions"}],"predecessor-version":[{"id":7420,"href":"https:\/\/www.aqueria.com\/en\/wp-json\/wp\/v2\/pages\/33\/revisions\/7420"}],"wp:featuredmedia":[{"embeddable":true,"href":"https:\/\/www.aqueria.com\/en\/wp-json\/wp\/v2\/media\/7145"}],"wp:attachment":[{"href":"https:\/\/www.aqueria.com\/en\/wp-json\/wp\/v2\/media?parent=33"}],"curies":[{"name":"wp","href":"https:\/\/api.w.org\/{rel}","templated":true}]}}