{"id":15,"date":"2023-03-28T09:47:20","date_gmt":"2023-03-28T09:47:20","guid":{"rendered":"https:\/\/www.aqueria.com\/politique-de-cookies-ue\/"},"modified":"2023-08-29T17:20:03","modified_gmt":"2023-08-29T15:20:03","slug":"privacy-policy","status":"publish","type":"page","link":"https:\/\/www.aqueria.com\/en\/privacy-policy\/","title":{"rendered":"Privacy policy"},"content":{"rendered":"<div data-elementor-type=\"wp-page\" data-elementor-id=\"15\" class=\"elementor elementor-15\" data-elementor-post-type=\"page\">\n\t\t\t\t\t\t<section class=\"elementor-section elementor-top-section elementor-element elementor-element-1ec943de elementor-section-boxed elementor-section-height-default elementor-section-height-default\" data-id=\"1ec943de\" data-element_type=\"section\" data-e-type=\"section\">\n\t\t\t\t\t\t<div class=\"elementor-container elementor-column-gap-default\">\n\t\t\t\t\t<div class=\"elementor-column elementor-col-100 elementor-top-column elementor-element elementor-element-51f2b31b\" data-id=\"51f2b31b\" data-element_type=\"column\" data-e-type=\"column\">\n\t\t\t<div class=\"elementor-widget-wrap elementor-element-populated\">\n\t\t\t\t\t\t<div class=\"elementor-element elementor-element-fb67a79 elementor-widget elementor-widget-heading\" data-id=\"fb67a79\" data-element_type=\"widget\" data-e-type=\"widget\" data-widget_type=\"heading.default\">\n\t\t\t\t<div class=\"elementor-widget-container\">\n\t\t\t\t\t<h1 class=\"elementor-heading-title elementor-size-default\">Privacy policy<\/h1>\t\t\t\t<\/div>\n\t\t\t\t<\/div>\n\t\t\t\t<div class=\"elementor-element elementor-element-dbfe73a elementor-widget elementor-widget-shortcode\" data-id=\"dbfe73a\" data-element_type=\"widget\" data-e-type=\"widget\" data-widget_type=\"shortcode.default\">\n\t\t\t\t<div class=\"elementor-widget-container\">\n\t\t\t\t\t\t\t<div class=\"elementor-shortcode\">Region EU not activated for cookie-statement.<\/div>\n\t\t\t\t\t\t<\/div>\n\t\t\t\t<\/div>\n\t\t\t\t\t<\/div>\n\t\t<\/div>\n\t\t\t\t\t<\/div>\n\t\t<\/section>\n\t\t\t\t<\/div>","protected":false},"excerpt":{"rendered":"","protected":false},"author":1,"featured_media":7137,"parent":0,"menu_order":0,"comment_status":"closed","ping_status":"closed","template":"","meta":{"_acf_changed":false,"footnotes":""},"class_list":["post-15","page","type-page","status-publish","has-post-thumbnail","hentry"],"acf":[],"yoast_head":"<!-- This site is optimized with the Yoast SEO plugin v27.4 - https:\/\/yoast.com\/product\/yoast-seo-wordpress\/ -->\n<title>Politique de confidentialit\u00e9 | Ch\u00e2teau d&#039;Aqueria<\/title>\n<meta name=\"robots\" content=\"index, follow, max-snippet:-1, max-image-preview:large, max-video-preview:-1\" \/>\n<link rel=\"canonical\" href=\"https:\/\/www.aqueria.com\/en\/privacy-policy\/\" \/>\n<meta property=\"og:locale\" content=\"en_GB\" \/>\n<meta property=\"og:type\" content=\"article\" \/>\n<meta property=\"og:title\" content=\"Politique de confidentialit\u00e9 | Ch\u00e2teau d&#039;Aqueria\" \/>\n<meta property=\"og:url\" content=\"https:\/\/www.aqueria.com\/en\/privacy-policy\/\" \/>\n<meta property=\"og:site_name\" content=\"Le Ch\u00e2teau d&#039;Aqueria, l&#039;excellence \u00e0 Tavel et Lirac depuis 1595\" \/>\n<meta property=\"article:modified_time\" content=\"2023-08-29T15:20:03+00:00\" \/>\n<meta property=\"og:image\" content=\"https:\/\/www.aqueria.com\/wp-content\/uploads\/logo-chateau-daqueria.png\" \/>\n\t<meta property=\"og:image:width\" content=\"1024\" \/>\n\t<meta property=\"og:image:height\" content=\"638\" \/>\n\t<meta property=\"og:image:type\" content=\"image\/png\" \/>\n<meta name=\"twitter:card\" content=\"summary_large_image\" \/>\n<meta name=\"twitter:label1\" content=\"Estimated reading time\" \/>\n\t<meta name=\"twitter:data1\" content=\"7 minutes\" \/>\n<script type=\"application\/ld+json\" class=\"yoast-schema-graph\">{\"@context\":\"https:\\\/\\\/schema.org\",\"@graph\":[{\"@type\":\"WebPage\",\"@id\":\"https:\\\/\\\/www.aqueria.com\\\/politique-confidentialite\\\/\",\"url\":\"https:\\\/\\\/www.aqueria.com\\\/politique-confidentialite\\\/\",\"name\":\"Politique de confidentialit\u00e9 | Ch\u00e2teau d'Aqueria\",\"isPartOf\":{\"@id\":\"https:\\\/\\\/www.aqueria.com\\\/#website\"},\"primaryImageOfPage\":{\"@id\":\"https:\\\/\\\/www.aqueria.com\\\/politique-confidentialite\\\/#primaryimage\"},\"image\":{\"@id\":\"https:\\\/\\\/www.aqueria.com\\\/politique-confidentialite\\\/#primaryimage\"},\"thumbnailUrl\":\"https:\\\/\\\/www.aqueria.com\\\/wp-content\\\/uploads\\\/logo-chateau-daqueria.png\",\"datePublished\":\"2023-03-28T09:47:20+00:00\",\"dateModified\":\"2023-08-29T15:20:03+00:00\",\"breadcrumb\":{\"@id\":\"https:\\\/\\\/www.aqueria.com\\\/politique-confidentialite\\\/#breadcrumb\"},\"inLanguage\":\"en-GB\",\"potentialAction\":[{\"@type\":\"ReadAction\",\"target\":[\"https:\\\/\\\/www.aqueria.com\\\/politique-confidentialite\\\/\"]}]},{\"@type\":\"ImageObject\",\"inLanguage\":\"en-GB\",\"@id\":\"https:\\\/\\\/www.aqueria.com\\\/politique-confidentialite\\\/#primaryimage\",\"url\":\"https:\\\/\\\/www.aqueria.com\\\/wp-content\\\/uploads\\\/logo-chateau-daqueria.png\",\"contentUrl\":\"https:\\\/\\\/www.aqueria.com\\\/wp-content\\\/uploads\\\/logo-chateau-daqueria.png\",\"width\":1024,\"height\":638,\"caption\":\"Logo Ch\u00e2teau d'Aqueria\"},{\"@type\":\"BreadcrumbList\",\"@id\":\"https:\\\/\\\/www.aqueria.com\\\/politique-confidentialite\\\/#breadcrumb\",\"itemListElement\":[{\"@type\":\"ListItem\",\"position\":1,\"name\":\"Aqueria\",\"item\":\"https:\\\/\\\/www.aqueria.com\\\/\"},{\"@type\":\"ListItem\",\"position\":2,\"name\":\"Politique de confidentialit\u00e9\"}]},{\"@type\":\"WebSite\",\"@id\":\"https:\\\/\\\/www.aqueria.com\\\/#website\",\"url\":\"https:\\\/\\\/www.aqueria.com\\\/\",\"name\":\"Le Ch\u00e2teau d'Aqueria, l'excellence \u00e0 Tavel et Lirac depuis 1595\",\"description\":\"Nich\u00e9 au c\u0153ur de la garrigue et adoss\u00e9 \u00e0 une colline o\u00f9 s\u2019\u00e9panouissent de multiples essences m\u00e9diterran\u00e9ennes, le Ch\u00e2teau d\u2019Aqueria \u00e9tend son vignoble sur les appellations Tavel et Lirac. Deux crus, pour trois couleurs que le domaine produit avec passion et fiert\u00e9.\",\"publisher\":{\"@id\":\"https:\\\/\\\/www.aqueria.com\\\/#organization\"},\"potentialAction\":[{\"@type\":\"SearchAction\",\"target\":{\"@type\":\"EntryPoint\",\"urlTemplate\":\"https:\\\/\\\/www.aqueria.com\\\/?s={search_term_string}\"},\"query-input\":{\"@type\":\"PropertyValueSpecification\",\"valueRequired\":true,\"valueName\":\"search_term_string\"}}],\"inLanguage\":\"en-GB\"},{\"@type\":\"Organization\",\"@id\":\"https:\\\/\\\/www.aqueria.com\\\/#organization\",\"name\":\"Ch\u00e2teau d'Aqueria | Vignoble aux 3 terroirs uniques offrant des vins d\u2019exception\",\"url\":\"https:\\\/\\\/www.aqueria.com\\\/\",\"logo\":{\"@type\":\"ImageObject\",\"inLanguage\":\"en-GB\",\"@id\":\"https:\\\/\\\/www.aqueria.com\\\/#\\\/schema\\\/logo\\\/image\\\/\",\"url\":\"https:\\\/\\\/www.aqueria.com\\\/wp-content\\\/uploads\\\/logo-chateau-daqueria.png\",\"contentUrl\":\"https:\\\/\\\/www.aqueria.com\\\/wp-content\\\/uploads\\\/logo-chateau-daqueria.png\",\"width\":1024,\"height\":638,\"caption\":\"Ch\u00e2teau d'Aqueria | Vignoble aux 3 terroirs uniques offrant des vins d\u2019exception\"},\"image\":{\"@id\":\"https:\\\/\\\/www.aqueria.com\\\/#\\\/schema\\\/logo\\\/image\\\/\"}}]}<\/script>\n<!-- \/ Yoast SEO plugin. -->","yoast_head_json":{"title":"Politique de confidentialit\u00e9 | Ch\u00e2teau d'Aqueria","robots":{"index":"index","follow":"follow","max-snippet":"max-snippet:-1","max-image-preview":"max-image-preview:large","max-video-preview":"max-video-preview:-1"},"canonical":"https:\/\/www.aqueria.com\/en\/privacy-policy\/","og_locale":"en_GB","og_type":"article","og_title":"Politique de confidentialit\u00e9 | Ch\u00e2teau d'Aqueria","og_url":"https:\/\/www.aqueria.com\/en\/privacy-policy\/","og_site_name":"Le Ch\u00e2teau d&#039;Aqueria, l&#039;excellence \u00e0 Tavel et Lirac depuis 1595","article_modified_time":"2023-08-29T15:20:03+00:00","og_image":[{"width":1024,"height":638,"url":"https:\/\/www.aqueria.com\/wp-content\/uploads\/logo-chateau-daqueria.png","type":"image\/png"}],"twitter_card":"summary_large_image","twitter_misc":{"Estimated reading time":"7 minutes"},"schema":{"@context":"https:\/\/schema.org","@graph":[{"@type":"WebPage","@id":"https:\/\/www.aqueria.com\/politique-confidentialite\/","url":"https:\/\/www.aqueria.com\/politique-confidentialite\/","name":"Politique de confidentialit\u00e9 | Ch\u00e2teau d'Aqueria","isPartOf":{"@id":"https:\/\/www.aqueria.com\/#website"},"primaryImageOfPage":{"@id":"https:\/\/www.aqueria.com\/politique-confidentialite\/#primaryimage"},"image":{"@id":"https:\/\/www.aqueria.com\/politique-confidentialite\/#primaryimage"},"thumbnailUrl":"https:\/\/www.aqueria.com\/wp-content\/uploads\/logo-chateau-daqueria.png","datePublished":"2023-03-28T09:47:20+00:00","dateModified":"2023-08-29T15:20:03+00:00","breadcrumb":{"@id":"https:\/\/www.aqueria.com\/politique-confidentialite\/#breadcrumb"},"inLanguage":"en-GB","potentialAction":[{"@type":"ReadAction","target":["https:\/\/www.aqueria.com\/politique-confidentialite\/"]}]},{"@type":"ImageObject","inLanguage":"en-GB","@id":"https:\/\/www.aqueria.com\/politique-confidentialite\/#primaryimage","url":"https:\/\/www.aqueria.com\/wp-content\/uploads\/logo-chateau-daqueria.png","contentUrl":"https:\/\/www.aqueria.com\/wp-content\/uploads\/logo-chateau-daqueria.png","width":1024,"height":638,"caption":"Logo Ch\u00e2teau d'Aqueria"},{"@type":"BreadcrumbList","@id":"https:\/\/www.aqueria.com\/politique-confidentialite\/#breadcrumb","itemListElement":[{"@type":"ListItem","position":1,"name":"Aqueria","item":"https:\/\/www.aqueria.com\/"},{"@type":"ListItem","position":2,"name":"Politique de confidentialit\u00e9"}]},{"@type":"WebSite","@id":"https:\/\/www.aqueria.com\/#website","url":"https:\/\/www.aqueria.com\/","name":"Achieving excellence in Tavel and Lirac since 1595","description":"Nestled in the heart of the garrigue with the backdrop of an unmistakeably Mediterranean hillside, the vineyards of Ch\u00e2teau d\u2019Aqueria extend across the appellations of Tavel and Lirac. Two growths in three colours produced at the estate with passion and pride.","publisher":{"@id":"https:\/\/www.aqueria.com\/#organization"},"potentialAction":[{"@type":"SearchAction","target":{"@type":"EntryPoint","urlTemplate":"https:\/\/www.aqueria.com\/?s={search_term_string}"},"query-input":{"@type":"PropertyValueSpecification","valueRequired":true,"valueName":"search_term_string"}}],"inLanguage":"en-GB"},{"@type":"Organization","@id":"https:\/\/www.aqueria.com\/#organization","name":"Ch\u00e2teau d'Aqueria | Vignoble aux 3 terroirs uniques offrant des vins d\u2019exception","url":"https:\/\/www.aqueria.com\/","logo":{"@type":"ImageObject","inLanguage":"en-GB","@id":"https:\/\/www.aqueria.com\/#\/schema\/logo\/image\/","url":"https:\/\/www.aqueria.com\/wp-content\/uploads\/logo-chateau-daqueria.png","contentUrl":"https:\/\/www.aqueria.com\/wp-content\/uploads\/logo-chateau-daqueria.png","width":1024,"height":638,"caption":"Ch\u00e2teau d'Aqueria | Vignoble aux 3 terroirs uniques offrant des vins d\u2019exception"},"image":{"@id":"https:\/\/www.aqueria.com\/#\/schema\/logo\/image\/"}}]}},"_links":{"self":[{"href":"https:\/\/www.aqueria.com\/en\/wp-json\/wp\/v2\/pages\/15","targetHints":{"allow":["GET"]}}],"collection":[{"href":"https:\/\/www.aqueria.com\/en\/wp-json\/wp\/v2\/pages"}],"about":[{"href":"https:\/\/www.aqueria.com\/en\/wp-json\/wp\/v2\/types\/page"}],"author":[{"embeddable":true,"href":"https:\/\/www.aqueria.com\/en\/wp-json\/wp\/v2\/users\/1"}],"replies":[{"embeddable":true,"href":"https:\/\/www.aqueria.com\/en\/wp-json\/wp\/v2\/comments?post=15"}],"version-history":[{"count":14,"href":"https:\/\/www.aqueria.com\/en\/wp-json\/wp\/v2\/pages\/15\/revisions"}],"predecessor-version":[{"id":7257,"href":"https:\/\/www.aqueria.com\/en\/wp-json\/wp\/v2\/pages\/15\/revisions\/7257"}],"wp:featuredmedia":[{"embeddable":true,"href":"https:\/\/www.aqueria.com\/en\/wp-json\/wp\/v2\/media\/7137"}],"wp:attachment":[{"href":"https:\/\/www.aqueria.com\/en\/wp-json\/wp\/v2\/media?parent=15"}],"curies":[{"name":"wp","href":"https:\/\/api.w.org\/{rel}","templated":true}]}}